{"id":412,"date":"2021-03-30T08:26:15","date_gmt":"2021-03-30T08:26:15","guid":{"rendered":"http:\/\/www.nicdarkthemes.com\/themes\/seafood\/wp\/demo\/seafood\/?page_id=412"},"modified":"2023-09-30T08:02:18","modified_gmt":"2023-09-30T08:02:18","slug":"hakkimizda","status":"publish","type":"page","link":"https:\/\/konakselimiye.com\/index.php\/hakkimizda\/","title":{"rendered":"Hakk\u0131m\u0131zda"},"content":{"rendered":"\t\t<div data-elementor-type=\"wp-page\" data-elementor-id=\"412\" class=\"elementor elementor-412\">\n\t\t\t\t\t\t<section class=\"elementor-section elementor-top-section elementor-element elementor-element-45a632bf elementor-section-stretched elementor-section-content-middle elementor-section-boxed elementor-section-height-default elementor-section-height-default\" data-id=\"45a632bf\" data-element_type=\"section\" data-e-type=\"section\" data-settings=\"{&quot;stretch_section&quot;:&quot;section-stretched&quot;,&quot;background_background&quot;:&quot;classic&quot;}\">\n\t\t\t\t\t\t\t<div class=\"elementor-background-overlay\"><\/div>\n\t\t\t\t\t\t\t<div class=\"elementor-container elementor-column-gap-default\">\n\t\t\t\t\t<div class=\"elementor-column elementor-col-100 elementor-top-column elementor-element elementor-element-7ed7bcea\" data-id=\"7ed7bcea\" data-element_type=\"column\" data-e-type=\"column\">\n\t\t\t<div class=\"elementor-widget-wrap elementor-element-populated\">\n\t\t\t\t\t\t<div class=\"elementor-element elementor-element-3af9efd8 elementor-widget elementor-widget-heading\" data-id=\"3af9efd8\" data-element_type=\"widget\" data-e-type=\"widget\" data-widget_type=\"heading.default\">\n\t\t\t\t<div class=\"elementor-widget-container\">\n\t\t\t\t\t<h1 class=\"elementor-heading-title elementor-size-default\">Hakk\u0131m\u0131zda<\/h1>\t\t\t\t<\/div>\n\t\t\t\t<\/div>\n\t\t\t\t\t<\/div>\n\t\t<\/div>\n\t\t\t\t\t<\/div>\n\t\t<\/section>\n\t\t\t\t<section class=\"elementor-section elementor-top-section elementor-element elementor-element-3970322c elementor-section-content-middle elementor-section-stretched elementor-section-boxed elementor-section-height-default elementor-section-height-default\" data-id=\"3970322c\" data-element_type=\"section\" data-e-type=\"section\" data-settings=\"{&quot;stretch_section&quot;:&quot;section-stretched&quot;,&quot;background_background&quot;:&quot;classic&quot;}\">\n\t\t\t\t\t\t<div class=\"elementor-container elementor-column-gap-default\">\n\t\t\t\t\t<div class=\"elementor-column elementor-col-50 elementor-top-column elementor-element elementor-element-7b60ff65\" data-id=\"7b60ff65\" data-element_type=\"column\" data-e-type=\"column\" data-settings=\"{&quot;background_background&quot;:&quot;classic&quot;}\">\n\t\t\t<div class=\"elementor-widget-wrap elementor-element-populated\">\n\t\t\t\t\t\t<div class=\"elementor-element elementor-element-eb6f2c6 elementor-widget__width-initial elementor-widget elementor-widget-spacer\" data-id=\"eb6f2c6\" data-element_type=\"widget\" data-e-type=\"widget\" data-widget_type=\"spacer.default\">\n\t\t\t\t<div class=\"elementor-widget-container\">\n\t\t\t\t\t\t\t<div class=\"elementor-spacer\">\n\t\t\t<div class=\"elementor-spacer-inner\"><\/div>\n\t\t<\/div>\n\t\t\t\t\t\t<\/div>\n\t\t\t\t<\/div>\n\t\t\t\t\t<\/div>\n\t\t<\/div>\n\t\t\t\t<div class=\"elementor-column elementor-col-50 elementor-top-column elementor-element elementor-element-6d748c45\" data-id=\"6d748c45\" data-element_type=\"column\" data-e-type=\"column\">\n\t\t\t<div class=\"elementor-widget-wrap elementor-element-populated\">\n\t\t\t\t\t\t<div class=\"elementor-element elementor-element-42c7d598 elementor-widget elementor-widget-heading\" data-id=\"42c7d598\" data-element_type=\"widget\" data-e-type=\"widget\" data-widget_type=\"heading.default\">\n\t\t\t\t<div class=\"elementor-widget-container\">\n\t\t\t\t\t<h3 class=\"elementor-heading-title elementor-size-default\">KONAK SEL\u0130M\u0130YE KIZ \u00d6\u011eRENC\u0130 YURDU<\/h3>\t\t\t\t<\/div>\n\t\t\t\t<\/div>\n\t\t\t\t<div class=\"elementor-element elementor-element-46f4cb18 elementor-widget elementor-widget-heading\" data-id=\"46f4cb18\" data-element_type=\"widget\" data-e-type=\"widget\" data-widget_type=\"heading.default\">\n\t\t\t\t<div class=\"elementor-widget-container\">\n\t\t\t\t\t<h1 class=\"elementor-heading-title elementor-size-default\">HUZUR &amp; G\u00dcVEN<\/h1>\t\t\t\t<\/div>\n\t\t\t\t<\/div>\n\t\t\t\t<section class=\"elementor-section elementor-inner-section elementor-element elementor-element-12e1ad22 elementor-section-full_width elementor-section-height-default elementor-section-height-default\" data-id=\"12e1ad22\" data-element_type=\"section\" data-e-type=\"section\">\n\t\t\t\t\t\t<div class=\"elementor-container elementor-column-gap-default\">\n\t\t\t\t\t<div class=\"elementor-column elementor-col-50 elementor-inner-column elementor-element elementor-element-314dc62a\" data-id=\"314dc62a\" data-element_type=\"column\" data-e-type=\"column\">\n\t\t\t<div class=\"elementor-widget-wrap elementor-element-populated\">\n\t\t\t\t\t\t<div class=\"elementor-element elementor-element-1768e98 elementor-widget elementor-widget-heading\" data-id=\"1768e98\" data-element_type=\"widget\" data-e-type=\"widget\" data-widget_type=\"heading.default\">\n\t\t\t\t<div class=\"elementor-widget-container\">\n\t\t\t\t\t<p class=\"elementor-heading-title elementor-size-default\">Konak Selimiye K\u0131z \u00d6\u011frenci Yurdu 2016 Y\u0131l\u0131ndan Bu Yana \u00d6\u011frencilerin ve Ailelerin G\u00fcvendi\u011fi, Huzur \u0130\u00e7inde Ya\u015fad\u0131\u011f\u0131 Bir Yer Olmu\u015ftur.<\/p>\t\t\t\t<\/div>\n\t\t\t\t<\/div>\n\t\t\t\t\t<\/div>\n\t\t<\/div>\n\t\t\t\t<div class=\"elementor-column elementor-col-50 elementor-inner-column elementor-element elementor-element-67116ecc\" data-id=\"67116ecc\" data-element_type=\"column\" data-e-type=\"column\">\n\t\t\t<div class=\"elementor-widget-wrap elementor-element-populated\">\n\t\t\t\t\t\t<div class=\"elementor-element elementor-element-3f4eb19 elementor-widget elementor-widget-heading\" data-id=\"3f4eb19\" data-element_type=\"widget\" data-e-type=\"widget\" data-widget_type=\"heading.default\">\n\t\t\t\t<div class=\"elementor-widget-container\">\n\t\t\t\t\t<p class=\"elementor-heading-title elementor-size-default\">\u00d6nceli\u011fimiz Daima \u00d6\u011frencilerimiz Olmu\u015ftur. \u00d6\u011frencilerimizin Evinde Gibi Hissedece\u011fi Ya\u015fam Alanlar\u0131 Sa\u011flamaktay\u0131z. Ki\u015fiye \u00d6zel WC &amp; Du\u015f, Ki\u015fiye \u00d6zel \u00c7al\u0131\u015fma Masalar\u0131, Ortak K\u00fct\u00fcphane, Ortak \u00c7al\u0131\u015fma Odalar\u0131 ve Daha Bir\u00e7ok \u0130mkan Sadece Konak Selimiye K\u0131z \u00d6\u011frenci Yurdunda....<\/p>\t\t\t\t<\/div>\n\t\t\t\t<\/div>\n\t\t\t\t\t<\/div>\n\t\t<\/div>\n\t\t\t\t\t<\/div>\n\t\t<\/section>\n\t\t\t\t\t<\/div>\n\t\t<\/div>\n\t\t\t\t\t<\/div>\n\t\t<\/section>\n\t\t\t\t<section class=\"elementor-section elementor-top-section elementor-element elementor-element-648f3887 elementor-section-full_width elementor-section-content-middle elementor-section-height-default elementor-section-height-default\" data-id=\"648f3887\" data-element_type=\"section\" data-e-type=\"section\">\n\t\t\t\t\t\t<div class=\"elementor-container elementor-column-gap-default\">\n\t\t\t\t\t<div class=\"elementor-column elementor-col-33 elementor-top-column elementor-element elementor-element-1254513\" data-id=\"1254513\" data-element_type=\"column\" data-e-type=\"column\">\n\t\t\t<div class=\"elementor-widget-wrap\">\n\t\t\t\t\t\t\t<\/div>\n\t\t<\/div>\n\t\t\t\t<div class=\"elementor-column elementor-col-33 elementor-top-column elementor-element elementor-element-45962db9\" data-id=\"45962db9\" data-element_type=\"column\" data-e-type=\"column\" data-settings=\"{&quot;background_background&quot;:&quot;classic&quot;}\">\n\t\t\t<div class=\"elementor-widget-wrap elementor-element-populated\">\n\t\t\t\t\t<div class=\"elementor-background-overlay\"><\/div>\n\t\t\t\t\t\t<div class=\"elementor-element elementor-element-5921f24f elementor-widget elementor-widget-image\" data-id=\"5921f24f\" data-element_type=\"widget\" data-e-type=\"widget\" data-widget_type=\"image.default\">\n\t\t\t\t<div class=\"elementor-widget-container\">\n\t\t\t\t\t\t\t\t\t\t\t\t\t\t\t<img decoding=\"async\" width=\"150\" height=\"150\" src=\"https:\/\/konakselimiye.com\/wp-content\/uploads\/2022\/03\/icon-8.png\" class=\"attachment-full size-full wp-image-5066\" alt=\"\" srcset=\"https:\/\/konakselimiye.com\/wp-content\/uploads\/2022\/03\/icon-8.png 150w, https:\/\/konakselimiye.com\/wp-content\/uploads\/2022\/03\/icon-8-100x100.png 100w\" sizes=\"(max-width: 150px) 100vw, 150px\" \/>\t\t\t\t\t\t\t\t\t\t\t\t\t\t\t<\/div>\n\t\t\t\t<\/div>\n\t\t\t\t<div class=\"elementor-element elementor-element-6f6d7e43 elementor-widget elementor-widget-counter\" data-id=\"6f6d7e43\" data-element_type=\"widget\" data-e-type=\"widget\" data-widget_type=\"counter.default\">\n\t\t\t\t<div class=\"elementor-widget-container\">\n\t\t\t\t\t\t\t<div class=\"elementor-counter\">\n\t\t\t<div class=\"elementor-counter-title\">YILLIK G\u00dcVEN<\/div>\t\t\t<div class=\"elementor-counter-number-wrapper\">\n\t\t\t\t<span class=\"elementor-counter-number-prefix\"><\/span>\n\t\t\t\t<span class=\"elementor-counter-number\" data-duration=\"2000\" data-to-value=\"7\" data-from-value=\"0\">0<\/span>\n\t\t\t\t<span class=\"elementor-counter-number-suffix\"><\/span>\n\t\t\t<\/div>\n\t\t<\/div>\n\t\t\t\t\t\t<\/div>\n\t\t\t\t<\/div>\n\t\t\t\t\t<\/div>\n\t\t<\/div>\n\t\t\t\t<div class=\"elementor-column elementor-col-33 elementor-top-column elementor-element elementor-element-7e598b6c\" data-id=\"7e598b6c\" data-element_type=\"column\" data-e-type=\"column\">\n\t\t\t<div class=\"elementor-widget-wrap\">\n\t\t\t\t\t\t\t<\/div>\n\t\t<\/div>\n\t\t\t\t\t<\/div>\n\t\t<\/section>\n\t\t\t\t<section class=\"elementor-section elementor-top-section elementor-element elementor-element-a934e62 elementor-section-boxed elementor-section-height-default elementor-section-height-default\" data-id=\"a934e62\" data-element_type=\"section\" data-e-type=\"section\">\n\t\t\t\t\t\t<div class=\"elementor-container elementor-column-gap-default\">\n\t\t\t\t\t<div class=\"elementor-column elementor-col-100 elementor-top-column elementor-element elementor-element-124bff5\" data-id=\"124bff5\" data-element_type=\"column\" data-e-type=\"column\">\n\t\t\t<div class=\"elementor-widget-wrap\">\n\t\t\t\t\t\t\t<\/div>\n\t\t<\/div>\n\t\t\t\t\t<\/div>\n\t\t<\/section>\n\t\t\t\t<section class=\"elementor-section elementor-top-section elementor-element elementor-element-64cad24 elementor-section-boxed elementor-section-height-default elementor-section-height-default\" data-id=\"64cad24\" data-element_type=\"section\" data-e-type=\"section\">\n\t\t\t\t\t\t<div class=\"elementor-container elementor-column-gap-default\">\n\t\t\t\t\t<div class=\"elementor-column elementor-col-100 elementor-top-column elementor-element elementor-element-7d7b733\" data-id=\"7d7b733\" data-element_type=\"column\" data-e-type=\"column\">\n\t\t\t<div class=\"elementor-widget-wrap\">\n\t\t\t\t\t\t\t<\/div>\n\t\t<\/div>\n\t\t\t\t\t<\/div>\n\t\t<\/section>\n\t\t\t\t<section class=\"elementor-section elementor-top-section elementor-element elementor-element-abe6ba1 elementor-section-boxed elementor-section-height-default elementor-section-height-default\" data-id=\"abe6ba1\" data-element_type=\"section\" data-e-type=\"section\">\n\t\t\t\t\t\t<div class=\"elementor-container elementor-column-gap-default\">\n\t\t\t\t\t<div class=\"elementor-column elementor-col-100 elementor-top-column elementor-element elementor-element-3ac4d90\" data-id=\"3ac4d90\" data-element_type=\"column\" data-e-type=\"column\">\n\t\t\t<div class=\"elementor-widget-wrap elementor-element-populated\">\n\t\t\t\t\t\t<div class=\"elementor-element elementor-element-dc8b88f elementor-widget elementor-widget-text-editor\" data-id=\"dc8b88f\" data-element_type=\"widget\" data-e-type=\"widget\" data-widget_type=\"text-editor.default\">\n\t\t\t\t<div class=\"elementor-widget-container\">\n\t\t\t\t\t\t\t\t\t<p><span style=\"color: #000000;\">\u00a0\u00dcsk\u00fcdar Konak Selimiye K\u0131z \u00d6\u011frenci Yurdu; 2016 y\u0131l\u0131nda hizmete a\u00e7\u0131lm\u0131\u015ft\u0131r. 2016 y\u0131l\u0131ndan bu yana ailelerin g\u00fcvendi\u011fi, \u00f6\u011frencilerin evinde hissetti\u011fi ender yerlerden biri olmu\u015ftur. Kad\u0131k\u00f6y ve civar\u0131nda yer alan t\u00fcm \u00fcniversitelere yurdumuzdan otob\u00fcs, metro, metrob\u00fcs, minib\u00fcs gibi se\u00e7enekler ile ula\u015fmak olduk\u00e7a kolayd\u0131r. Kad\u0131k\u00f6y k\u0131z \u00f6\u011frenci yurdu hizmeti veren yurdumuz her zaman \u00f6\u011frencilerin ev konforunda ve ba\u015far\u0131l\u0131 bir e\u011fitim hayat\u0131 olmas\u0131 i\u00e7in \u00e7al\u0131\u015fmaktad\u0131r.<\/span><\/p><p><span style=\"color: #000000;\"><br \/><\/span><span style=\"color: #000000;\">\u00dcsk\u00fcdar\u2019\u0131n tarihinin yan\u0131 s\u0131ra mahalle k\u00fclt\u00fcr\u00fcn\u00fcn devam etti\u011fi Selimiye mahallemizde \u00f6\u011frencilerimiz i\u00e7in 89 misafir kapasite ile hizmet vermekteyiz.<\/span><\/p><p><span style=\"color: #000000;\">\u00a0<\/span><\/p><p><span style=\"color: #000000;\">\u00d6\u011frencilerin her t\u00fcrl\u00fc g\u00fcvenlik, konfor ve okullar\u0131na rahat gidip gelebilecekleri toplu ula\u015f\u0131m ara\u00e7lar\u0131n\u0131n tamam\u0131na en yak\u0131n mesafede yer almaktay\u0131z.<\/span><\/p><p><span style=\"color: #000000;\">\u00a0<\/span><\/p><p><span style=\"color: #000000;\">Metro, tramvay, vapur, otob\u00fcs ve dolmu\u015flar\u0131n tamam\u0131na y\u00fcr\u00fcme mesafesinde, ders \u00e7al\u0131\u015fma ve dinlenmek i\u00e7in gereken sessizlik ve t\u00fcm imkanlar\u0131n tamam\u0131n\u0131 misafirhanemizde bulabilirsiniz.<\/span><\/p><p><span style=\"color: #000000;\">\u00a0<\/span><\/p><p><span style=\"color: #000000;\">Sa\u011fl\u0131k Bilimleri \u00dcniversitesi\u2018ne en yak\u0131n \u00f6\u011frenci yurdu \u00d6zel Konak Selimiye K\u0131z \u00d6\u011frenci Yurdu olmaktad\u0131r. Yurdumuz ayn\u0131 zamanda \u00dcsk\u00fcdar \u00dcniversitesi\u2019ne ve Fatih Sultan Mehmet Vak\u0131f \u00dcniversitesi\u2019ne sadece 5 dakika mesafede yer almaktad\u0131r. Ayn\u0131 zamanda \u00dcsk\u00fcdar K\u0131z \u00d6\u011frenci Yurdu olarak hizmet veren yurdumuz Medeniyet \u00dcniversitesi, Medipol \u00dcniversitesi, Marmara \u00dcniversitesi, Y\u0131ld\u0131z Teknik \u00dcniversitesi, Mimar Sinan \u00dcniversitesi, Do\u011fu\u015f \u00dcniversitesi gibi \u00fcniversitelere t\u00fcm ula\u015f\u0131m ara\u00e7lar\u0131 ile 15\u2013 45 dakika mesafede yer almaktad\u0131r.<\/span><\/p><p><span style=\"color: #000000;\">\u00a0<\/span><\/p><p><span style=\"color: #000000;\">Yurdumuz 89 \u00f6\u011frenci kapasitesi olup birden fazla oda opsiyonuna sahiptir. Bunlar; 1 ki\u015filik odalar, 2 ki\u015filik odalar, 3 ki\u015filik odalar ve 4 ki\u015filik odalard\u0131r. Odalar\u0131n\u0131n tamam\u0131nda i\u00e7inde tuvalet ve banyo yer almaktad\u0131r. Ayn\u0131 zamanda odalarda ders \u00e7al\u0131\u015fma masalar\u0131, buzdolab\u0131, k\u0131yafet dolab\u0131, baza gibi e\u015fyalarda yer almaktad\u0131r. Ki\u015fiye \u00f6zel kullan\u0131mlar ile \u00f6\u011frencilerin tamamen rahat etmesi, huzur i\u00e7inde ya\u015famalar\u0131 esas al\u0131nm\u0131\u015ft\u0131r. \u00d6nemli olan \u00f6\u011frencilerin\u00a0evlerindeki huzur ve konfora sahip olup tamamen e\u011fitimlerine odaklanmas\u0131d\u0131r. T\u00fcm \u00f6\u011frencilerimizin e\u011fitim hayatlar\u0131nda ba\u015far\u0131l\u0131 olmas\u0131 i\u00e7in gereken \u015fartlar\u0131\u00a0ve\u00a0 imkanlar\u0131 sa\u011flamak i\u00e7in \u00d6zel Konak Selimiye K\u0131z \u00d6\u011frenci Yurdu olarak her\u00a0zaman sa\u011flamaya \u00f6zen g\u00f6sterilmektedir. Sessiz, sakin bir aile ortam\u0131 ile\u00a0beraber \u00f6\u011frencilerin dersleri i\u00e7in gerekli olan k\u00fct\u00fcphane, ders \u00e7al\u0131\u015fma\u00a0alanlar\u0131 ve gereken materyaller ile \u00f6\u011frencilerimizin e\u011fitim hayat\u0131\u00a0desteklenmektedir.<\/span><\/p>\t\t\t\t\t\t\t\t<\/div>\n\t\t\t\t<\/div>\n\t\t\t\t\t<\/div>\n\t\t<\/div>\n\t\t\t\t\t<\/div>\n\t\t<\/section>\n\t\t\t\t<section class=\"elementor-section elementor-top-section elementor-element elementor-element-29ca044 elementor-section-boxed elementor-section-height-default elementor-section-height-default\" data-id=\"29ca044\" data-element_type=\"section\" data-e-type=\"section\">\n\t\t\t\t\t\t<div class=\"elementor-container elementor-column-gap-default\">\n\t\t\t\t\t<div class=\"elementor-column elementor-col-100 elementor-top-column elementor-element elementor-element-5d25d04\" data-id=\"5d25d04\" data-element_type=\"column\" data-e-type=\"column\">\n\t\t\t<div class=\"elementor-widget-wrap elementor-element-populated\">\n\t\t\t\t\t\t<div class=\"elementor-element elementor-element-23bf451 elementor-widget elementor-widget-spacer\" data-id=\"23bf451\" data-element_type=\"widget\" data-e-type=\"widget\" data-widget_type=\"spacer.default\">\n\t\t\t\t<div class=\"elementor-widget-container\">\n\t\t\t\t\t\t\t<div class=\"elementor-spacer\">\n\t\t\t<div class=\"elementor-spacer-inner\"><\/div>\n\t\t<\/div>\n\t\t\t\t\t\t<\/div>\n\t\t\t\t<\/div>\n\t\t\t\t\t<\/div>\n\t\t<\/div>\n\t\t\t\t\t<\/div>\n\t\t<\/section>\n\t\t\t\t<section class=\"elementor-section elementor-top-section elementor-element elementor-element-8910123 elementor-section-boxed elementor-section-height-default elementor-section-height-default\" data-id=\"8910123\" data-element_type=\"section\" data-e-type=\"section\">\n\t\t\t\t\t\t<div class=\"elementor-container elementor-column-gap-default\">\n\t\t\t\t\t<div class=\"elementor-column elementor-col-100 elementor-top-column elementor-element elementor-element-d38944f\" data-id=\"d38944f\" data-element_type=\"column\" data-e-type=\"column\">\n\t\t\t<div class=\"elementor-widget-wrap elementor-element-populated\">\n\t\t\t\t\t\t<div class=\"elementor-element elementor-element-9b0d0a2 elementor-arrows-position-inside elementor-pagination-position-outside elementor-widget elementor-widget-image-carousel\" data-id=\"9b0d0a2\" data-element_type=\"widget\" data-e-type=\"widget\" data-settings=\"{&quot;autoplay_speed&quot;:3500,&quot;speed&quot;:350,&quot;navigation&quot;:&quot;both&quot;,&quot;autoplay&quot;:&quot;yes&quot;,&quot;pause_on_hover&quot;:&quot;yes&quot;,&quot;pause_on_interaction&quot;:&quot;yes&quot;,&quot;infinite&quot;:&quot;yes&quot;}\" data-widget_type=\"image-carousel.default\">\n\t\t\t\t<div class=\"elementor-widget-container\">\n\t\t\t\t\t\t\t<div class=\"elementor-image-carousel-wrapper swiper\" role=\"region\" aria-roledescription=\"carousel\" aria-label=\"Resim D\u00f6ng\u00fcs\u00fc\" dir=\"ltr\">\n\t\t\t<div class=\"elementor-image-carousel swiper-wrapper\" aria-live=\"off\">\n\t\t\t\t\t\t\t\t<div class=\"swiper-slide\" role=\"group\" aria-roledescription=\"slide\" aria-label=\"1 \/ 18\"><figure class=\"swiper-slide-inner\"><img decoding=\"async\" class=\"swiper-slide-image\" src=\"https:\/\/konakselimiye.com\/wp-content\/uploads\/2023\/06\/15-1-300x300.png\" alt=\"\u00dcsk\u00fcdar K\u0131z \u00d6\u011frenci Yurdu\" \/><\/figure><\/div><div class=\"swiper-slide\" role=\"group\" aria-roledescription=\"slide\" aria-label=\"2 \/ 18\"><figure class=\"swiper-slide-inner\"><img decoding=\"async\" class=\"swiper-slide-image\" src=\"https:\/\/konakselimiye.com\/wp-content\/uploads\/2023\/06\/14-1-300x300.png\" alt=\"\u00dcsk\u00fcdar K\u0131z \u00d6\u011frenci Yurdu\" \/><\/figure><\/div><div class=\"swiper-slide\" role=\"group\" aria-roledescription=\"slide\" aria-label=\"3 \/ 18\"><figure class=\"swiper-slide-inner\"><img decoding=\"async\" class=\"swiper-slide-image\" src=\"https:\/\/konakselimiye.com\/wp-content\/uploads\/2023\/06\/13-1-300x300.png\" alt=\"\u00dcsk\u00fcdar K\u0131z \u00d6\u011frenci Yurdu\" \/><\/figure><\/div><div class=\"swiper-slide\" role=\"group\" aria-roledescription=\"slide\" aria-label=\"4 \/ 18\"><figure class=\"swiper-slide-inner\"><img decoding=\"async\" class=\"swiper-slide-image\" src=\"https:\/\/konakselimiye.com\/wp-content\/uploads\/2023\/06\/12-1-300x300.png\" alt=\"\u00dcsk\u00fcdar K\u0131z \u00d6\u011frenci Yurdu\" \/><\/figure><\/div><div class=\"swiper-slide\" role=\"group\" aria-roledescription=\"slide\" aria-label=\"5 \/ 18\"><figure class=\"swiper-slide-inner\"><img decoding=\"async\" class=\"swiper-slide-image\" src=\"https:\/\/konakselimiye.com\/wp-content\/uploads\/2023\/06\/11-1-300x300.png\" alt=\"\u00dcsk\u00fcdar K\u0131z \u00d6\u011frenci Yurdu\" \/><\/figure><\/div><div class=\"swiper-slide\" role=\"group\" aria-roledescription=\"slide\" aria-label=\"6 \/ 18\"><figure class=\"swiper-slide-inner\"><img decoding=\"async\" class=\"swiper-slide-image\" src=\"https:\/\/konakselimiye.com\/wp-content\/uploads\/2023\/06\/10-1-300x300.png\" alt=\"\u00dcsk\u00fcdar K\u0131z \u00d6\u011frenci Yurdu\" \/><\/figure><\/div><div class=\"swiper-slide\" role=\"group\" aria-roledescription=\"slide\" aria-label=\"7 \/ 18\"><figure class=\"swiper-slide-inner\"><img decoding=\"async\" class=\"swiper-slide-image\" src=\"https:\/\/konakselimiye.com\/wp-content\/uploads\/2023\/06\/9-1-300x300.png\" alt=\"\u00dcsk\u00fcdar K\u0131z \u00d6\u011frenci Yurdu\" \/><\/figure><\/div><div class=\"swiper-slide\" role=\"group\" aria-roledescription=\"slide\" aria-label=\"8 \/ 18\"><figure class=\"swiper-slide-inner\"><img decoding=\"async\" class=\"swiper-slide-image\" src=\"https:\/\/konakselimiye.com\/wp-content\/uploads\/2023\/06\/8-1-300x300.png\" alt=\"\u00dcsk\u00fcdar K\u0131z \u00d6\u011frenci Yurdu\" \/><\/figure><\/div><div class=\"swiper-slide\" role=\"group\" aria-roledescription=\"slide\" aria-label=\"9 \/ 18\"><figure class=\"swiper-slide-inner\"><img decoding=\"async\" class=\"swiper-slide-image\" src=\"https:\/\/konakselimiye.com\/wp-content\/uploads\/2023\/06\/7-1-300x300.png\" alt=\"\u00dcsk\u00fcdar K\u0131z \u00d6\u011frenci Yurdu\" \/><\/figure><\/div><div class=\"swiper-slide\" role=\"group\" aria-roledescription=\"slide\" aria-label=\"10 \/ 18\"><figure class=\"swiper-slide-inner\"><img decoding=\"async\" class=\"swiper-slide-image\" src=\"https:\/\/konakselimiye.com\/wp-content\/uploads\/2023\/06\/6-1-300x300.png\" alt=\"\u00dcsk\u00fcdar K\u0131z \u00d6\u011frenci Yurdu\" \/><\/figure><\/div><div class=\"swiper-slide\" role=\"group\" aria-roledescription=\"slide\" aria-label=\"11 \/ 18\"><figure class=\"swiper-slide-inner\"><img decoding=\"async\" class=\"swiper-slide-image\" src=\"https:\/\/konakselimiye.com\/wp-content\/uploads\/2023\/06\/4-2-300x300.png\" alt=\"\u00dcsk\u00fcdar K\u0131z \u00d6\u011frenci Yurdu\" \/><\/figure><\/div><div class=\"swiper-slide\" role=\"group\" aria-roledescription=\"slide\" aria-label=\"12 \/ 18\"><figure class=\"swiper-slide-inner\"><img decoding=\"async\" class=\"swiper-slide-image\" src=\"https:\/\/konakselimiye.com\/wp-content\/uploads\/2023\/06\/3-1-300x300.png\" alt=\"\u00dcsk\u00fcdar K\u0131z \u00d6\u011frenci Yurdu\" \/><\/figure><\/div><div class=\"swiper-slide\" role=\"group\" aria-roledescription=\"slide\" aria-label=\"13 \/ 18\"><figure class=\"swiper-slide-inner\"><img decoding=\"async\" class=\"swiper-slide-image\" src=\"https:\/\/konakselimiye.com\/wp-content\/uploads\/2023\/06\/2-3-300x300.png\" alt=\"\u00dcsk\u00fcdar K\u0131z \u00d6\u011frenci Yurdu\" \/><\/figure><\/div><div class=\"swiper-slide\" role=\"group\" aria-roledescription=\"slide\" aria-label=\"14 \/ 18\"><figure class=\"swiper-slide-inner\"><img decoding=\"async\" class=\"swiper-slide-image\" src=\"https:\/\/konakselimiye.com\/wp-content\/uploads\/2023\/06\/1-4-300x300.png\" alt=\"\u00dcsk\u00fcdar K\u0131z \u00d6\u011frenci Yurdu\" \/><\/figure><\/div><div class=\"swiper-slide\" role=\"group\" aria-roledescription=\"slide\" aria-label=\"15 \/ 18\"><figure class=\"swiper-slide-inner\"><img decoding=\"async\" class=\"swiper-slide-image\" src=\"https:\/\/konakselimiye.com\/wp-content\/uploads\/2023\/06\/2-2-300x300.png\" alt=\"\u00dcsk\u00fcdar K\u0131z \u00d6\u011frenci Yurdu\" \/><\/figure><\/div><div class=\"swiper-slide\" role=\"group\" aria-roledescription=\"slide\" aria-label=\"16 \/ 18\"><figure class=\"swiper-slide-inner\"><img decoding=\"async\" class=\"swiper-slide-image\" src=\"https:\/\/konakselimiye.com\/wp-content\/uploads\/2023\/06\/3-300x300.png\" alt=\"\u00dcsk\u00fcdar K\u0131z \u00d6\u011frenci Yurdu\" \/><\/figure><\/div><div class=\"swiper-slide\" role=\"group\" aria-roledescription=\"slide\" aria-label=\"17 \/ 18\"><figure class=\"swiper-slide-inner\"><img decoding=\"async\" class=\"swiper-slide-image\" src=\"https:\/\/konakselimiye.com\/wp-content\/uploads\/2023\/06\/4-1-300x300.png\" alt=\"\u00dcsk\u00fcdar K\u0131z \u00d6\u011frenci Yurdu\" \/><\/figure><\/div><div class=\"swiper-slide\" role=\"group\" aria-roledescription=\"slide\" aria-label=\"18 \/ 18\"><figure class=\"swiper-slide-inner\"><img decoding=\"async\" class=\"swiper-slide-image\" src=\"https:\/\/konakselimiye.com\/wp-content\/uploads\/2023\/06\/5-1-300x300.png\" alt=\"\u00dcsk\u00fcdar K\u0131z \u00d6\u011frenci Yurdu\" \/><\/figure><\/div>\t\t\t<\/div>\n\t\t\t\t\t\t\t\t\t\t\t\t<div class=\"elementor-swiper-button elementor-swiper-button-prev\" role=\"button\" tabindex=\"0\">\n\t\t\t\t\t\t<i aria-hidden=\"true\" class=\"eicon-chevron-left\"><\/i>\t\t\t\t\t<\/div>\n\t\t\t\t\t<div class=\"elementor-swiper-button elementor-swiper-button-next\" role=\"button\" tabindex=\"0\">\n\t\t\t\t\t\t<i aria-hidden=\"true\" class=\"eicon-chevron-right\"><\/i>\t\t\t\t\t<\/div>\n\t\t\t\t\n\t\t\t\t\t\t\t\t\t<div class=\"swiper-pagination\"><\/div>\n\t\t\t\t\t\t\t\t\t<\/div>\n\t\t\t\t\t\t<\/div>\n\t\t\t\t<\/div>\n\t\t\t\t\t<\/div>\n\t\t<\/div>\n\t\t\t\t\t<\/div>\n\t\t<\/section>\n\t\t\t\t<\/div>\n\t\t","protected":false},"excerpt":{"rendered":"<p>Hakk\u0131m\u0131zda KONAK SEL\u0130M\u0130YE KIZ \u00d6\u011eRENC\u0130 YURDU HUZUR &amp; G\u00dcVEN Konak Selimiye K\u0131z \u00d6\u011frenci Yurdu 2016 Y\u0131l\u0131ndan Bu Yana \u00d6\u011frencilerin ve Ailelerin G\u00fcvendi\u011fi, Huzur \u0130\u00e7inde Ya\u015fad\u0131\u011f\u0131 Bir Yer Olmu\u015ftur. \u00d6nceli\u011fimiz Daima \u00d6\u011frencilerimiz Olmu\u015ftur. \u00d6\u011frencilerimizin Evinde Gibi Hissedece\u011fi Ya\u015fam Alanlar\u0131 Sa\u011flamaktay\u0131z. Ki\u015fiye \u00d6zel WC &amp; Du\u015f, Ki\u015fiye \u00d6zel \u00c7al\u0131\u015fma Masalar\u0131, Ortak K\u00fct\u00fcphane, Ortak \u00c7al\u0131\u015fma Odalar\u0131 ve Daha [&hellip;]<\/p>\n","protected":false},"author":1,"featured_media":0,"parent":0,"menu_order":0,"comment_status":"closed","ping_status":"closed","template":"","meta":{"_joinchat":[],"footnotes":""},"class_list":["post-412","page","type-page","status-publish","hentry"],"_links":{"self":[{"href":"https:\/\/konakselimiye.com\/index.php\/wp-json\/wp\/v2\/pages\/412","targetHints":{"allow":["GET"]}}],"collection":[{"href":"https:\/\/konakselimiye.com\/index.php\/wp-json\/wp\/v2\/pages"}],"about":[{"href":"https:\/\/konakselimiye.com\/index.php\/wp-json\/wp\/v2\/types\/page"}],"author":[{"embeddable":true,"href":"https:\/\/konakselimiye.com\/index.php\/wp-json\/wp\/v2\/users\/1"}],"replies":[{"embeddable":true,"href":"https:\/\/konakselimiye.com\/index.php\/wp-json\/wp\/v2\/comments?post=412"}],"version-history":[{"count":37,"href":"https:\/\/konakselimiye.com\/index.php\/wp-json\/wp\/v2\/pages\/412\/revisions"}],"predecessor-version":[{"id":7495,"href":"https:\/\/konakselimiye.com\/index.php\/wp-json\/wp\/v2\/pages\/412\/revisions\/7495"}],"wp:attachment":[{"href":"https:\/\/konakselimiye.com\/index.php\/wp-json\/wp\/v2\/media?parent=412"}],"curies":[{"name":"wp","href":"https:\/\/api.w.org\/{rel}","templated":true}]}}