{"id":7403,"date":"2023-08-26T16:33:18","date_gmt":"2023-08-26T16:33:18","guid":{"rendered":"https:\/\/konakselimiye.com\/?page_id=7403"},"modified":"2023-08-26T16:33:18","modified_gmt":"2023-08-26T16:33:18","slug":"uskudar-universitesine-yakin-kiz-ogrenci-yurdu","status":"publish","type":"page","link":"https:\/\/konakselimiye.com\/index.php\/uskudar-universitesine-yakin-kiz-ogrenci-yurdu\/","title":{"rendered":"\u00dcsk\u00fcdar \u00dcniversitesine Yak\u0131n K\u0131z \u00d6\u011frenci Yurdu"},"content":{"rendered":"<h2><\/h2>\n<h2><\/h2>\n<p>&nbsp;<\/p>\n<p>&nbsp;<\/p>\n<p>&nbsp;<\/p>\n<h2 style=\"text-align: center;\"><strong>\u00dcsk\u00fcdar \u00dcniversitesine Yak\u0131n K\u0131z \u00d6\u011frenci Yurdu<\/strong><\/h2>\n<p>&nbsp;<\/p>\n<p>&nbsp;<\/p>\n<p>&nbsp;<\/p>\n<p>\u00dcsk\u00fcdar \u00dcniversitesi 2011 y\u0131l\u0131nda \u0130nsani De\u011ferler ve Ruh Sa\u011fl\u0131\u011f\u0131 Vakf\u0131 taraf\u0131ndan kurulmu\u015f bir vak\u0131f \u00fcniversitesidir. \u00dcsk\u00fcdar&#8217;\u0131m\u0131z\u0131n kaliteli hizmet veren \u00fcniversiteleri aras\u0131nda gelmektedir. Merkez kamp\u00fcs\u00fc \u00dcsk\u00fcdar Altunizade&#8217;de yer almaktad\u0131r. Ayr\u0131ca \u00dcsk\u00fcdar Merkez&#8217;de ve \u00dcmraniye&#8217;de de kamp\u00fcsleri bulunmaktad\u0131r.<\/p>\n<p><strong>\u00dcsk\u00fcdar \u00dcniversitesi Nas\u0131l Bir \u00dcniversitedir?<\/strong><\/p>\n<p>Bu sorunun en g\u00fczel yan\u0131t\u0131n\u0131 <strong>\u00dcsk\u00fcdar \u00dcniversitesi<\/strong> resmi websitesinde yay\u0131nlam\u0131\u015ft\u0131r. \u00dcsk\u00fcdar \u00dcniversitesi&#8217;ni d\u00fc\u015f\u00fcnen \u00f6\u011frenciler i\u00e7in \u00dcsk\u00fcdar \u00dcniversitesi&#8217;nin websitesinde yay\u0131nlanan Nas\u0131l Bir \u00dcniversite ba\u015fl\u0131\u011f\u0131n\u0131 sizler i\u00e7in yay\u0131nlad\u0131k.<\/p>\n<ul>\n<li>Sa\u011fl\u0131k, sosyal, tarih ve k\u00fclt\u00fcr kaynaklar\u0131 y\u00f6netimi alanlar\u0131nda \u00fclkemizin ki\u015fisel ve toplumsal ruh sa\u011fl\u0131\u011f\u0131n\u0131 koruyan ve geli\u015ftiren,<\/li>\n<li>\u00c7a\u011fda\u015f insan ve insan odakl\u0131 teknolojiye h\u00e2kim, y\u00fcksek nitelikli e\u011fitim, \u00f6\u011fretim, ara\u015ft\u0131rma ve uygulama programlar\u0131 geli\u015ftiren,<\/li>\n<li>B\u00f6lgesel kalk\u0131nmaya katma de\u011fer ve kat\u0131l\u0131m sa\u011flayan \u00f6nc\u00fc, \u00f6rnek bir evrensel \u00fcniversite,<\/li>\n<li>T\u00fcrkiye&#8217;de, Avrupa Birli\u011fi ve d\u00fcnya standartlar\u0131nda e\u011fitim ve \u00f6\u011fretim yapan,<\/li>\n<li>\u00dclkemizin sosyo-ekonomik ve k\u00fclt\u00fcrel yap\u0131s\u0131na katk\u0131 sa\u011flayacak, \u00f6zellikle bilim, sa\u011fl\u0131k, turizm, tarih ve k\u00fclt\u00fcr kaynaklar\u0131 y\u00f6netimi alanlar\u0131nda uluslararas\u0131 d\u00fczeyde e\u011fitim ve ara\u015ft\u0131rma imk\u00e2n\u0131 sunan,<\/li>\n<li>\u00dclkemizin do\u011fal, k\u00fclt\u00fcrel, ekonomik ve sosyal gereksinimlerini ve \u00f6nemli konumunu g\u00f6z \u00f6n\u00fcne alarak; \u00e7a\u011fda\u015f teknolojiye h\u00e2kim, y\u00fcksek nitelikli e\u011fitim, \u00f6\u011fretim, ara\u015ft\u0131rma ve uygulama programlar\u0131yla; kentsel ve b\u00f6lgesel kalk\u0131nmaya katk\u0131 sa\u011flayan \u00f6nc\u00fc ve \u00f6rnek olan,<\/li>\n<li>\u00dclkemizin ihtiya\u00e7lar\u0131n\u0131 kar\u015f\u0131layacak \u00fcst\u00fcn nitelikli akademik programlar geli\u015ftirerek, kaynaklar\u0131 en verimli \u015fekilde kullanarak insanl\u0131\u011f\u0131n ve \u00f6zellikle b\u00f6lgemizin daha \u00e7ok sa\u011fl\u0131k sorunlar\u0131na \u00e7\u00f6z\u00fcm \u00fcretecek bilimsel faaliyetlerde bulunan,<\/li>\n<li>Ulusal ve uluslararas\u0131 \u00f6l\u00e7ekte, T\u00fcrkiye&#8217;nin do\u011fal ve k\u00fclt\u00fcrel kaynaklar\u0131n\u0131 temel alan \u00e7a\u011fda\u015f, kat\u0131l\u0131mc\u0131, ara\u015ft\u0131ran, bilim \u00fcreten ve \u00fclkenin turistik, tar\u0131msal, sosyal ve ekonomik varl\u0131klar\u0131n\u0131 de\u011ferlendiren bir \u00fcniversiteyiz.<\/li>\n<\/ul>\n<div class=\"box-share\">\n<p><strong>\u00dcsk\u00fcdar \u00dcniversitesi Yak\u0131n K\u0131z \u00d6\u011frenci Yurdu Var M\u0131?<\/strong><\/p>\n<p>Konum itibari ile \u00dcsk\u00fcdar \u00dcniversitesi merkez ve \u00dcsk\u00fcdar \u00c7ar\u015f\u0131 kamp\u00fcslerine en yak\u0131n <strong>k\u0131z yurtlar\u0131ndan <\/strong>bir tanesi de \u00d6zel Konak Selimiye K\u0131z \u00d6\u011frenci Yurdu\u2019dur. \u00dcniversite ile ayn\u0131 il\u00e7ede yer alan k\u0131z yurdumuzun okula mesafesi ile \u00dcsk\u00fcdar \u00c7ar\u015f\u0131 Kamp\u00fcs\u00fcne 5 dakika, Altunizade Merkez Kamp\u00fcse 10-15 dakika mesafede yer almaktad\u0131r. Yol g\u00fczergah\u0131 \u00dcsk\u00fcdar\u2019\u0131n tarihi dokusuna birebir uyumlu bir \u015fekilde a\u011fa\u00e7l\u0131 caddedir. Kuruldu\u011fundan bu yana \u00dcsk\u00fcdar \u00dcniversitesi&#8217;nden bir\u00e7ok \u00f6\u011frencinin e\u011fitim hayat\u0131 boyunca kendini ev huzuru ve g\u00fcveninde hissettiren <strong>\u00d6zel Konak Selimiye K\u0131z \u00d6\u011frenci Yurdu<\/strong>\u00a0her zaman ayn\u0131 \u00e7izgide \u00f6\u011frencilerin e\u011fitim hayatlar\u0131nda bar\u0131nma hizmeti\u00a0 vermeye devam etmektedir.<\/p>\n<p><strong>Yurt \u0130mkanlar\u0131 Aras\u0131nda Neler Var?<\/strong><\/p>\n<p>Yurt imkanlar\u0131 \u00e7ok fazlad\u0131r. En \u00f6nemlilerini s\u0131ralamak gerekirse;<\/p>\n<ul>\n<li>Her odaya \u00f6zel WC ve Banyo;<\/li>\n<li>\u00dccretsiz 7\/24 Wi-Fi;<\/li>\n<li>Her odada klima;<\/li>\n<li>\u00dccretsiz 7\/24 Mutfak Kullan\u0131m\u0131;<\/li>\n<li>7\/24 N\u00f6bet\u00e7i Memur;<\/li>\n<li>Ki\u015fiye \u00d6zel Oda Anahtar\u0131 ile Odan\u0131z G\u00fcvende;<\/li>\n<li>7\/24 Ders \u00c7al\u0131\u015fma Odalar\u0131;<\/li>\n<li>7\/24 Dinlenme Alanlar\u0131;<\/li>\n<li>Mescit;<\/li>\n<li>\u0130steyen \u00f6\u011frencilere kahvalt\u0131 ve yemek hizmeti;<\/li>\n<\/ul>\n<p>ve daha bir\u00e7ok hizmet\u00a0<a href=\"https:\/\/konakselimiye.com\/index.php\/iletisim\/\">Konak Selimiye K\u0131z \u00d6\u011frenci Yurdu<\/a>\u2018nda..<\/p>\n<\/div>\n<p>&nbsp;<\/p>\n<p>&nbsp;<\/p>\n<p>&nbsp;<\/p>\n","protected":false},"excerpt":{"rendered":"<p>&nbsp; &nbsp; &nbsp; \u00dcsk\u00fcdar \u00dcniversitesine Yak\u0131n K\u0131z \u00d6\u011frenci Yurdu &nbsp; &nbsp; &nbsp; \u00dcsk\u00fcdar \u00dcniversitesi 2011 y\u0131l\u0131nda \u0130nsani De\u011ferler ve Ruh Sa\u011fl\u0131\u011f\u0131 Vakf\u0131 taraf\u0131ndan kurulmu\u015f bir vak\u0131f \u00fcniversitesidir. \u00dcsk\u00fcdar&#8217;\u0131m\u0131z\u0131n kaliteli hizmet veren \u00fcniversiteleri aras\u0131nda gelmektedir. Merkez kamp\u00fcs\u00fc \u00dcsk\u00fcdar Altunizade&#8217;de yer almaktad\u0131r. Ayr\u0131ca \u00dcsk\u00fcdar Merkez&#8217;de ve \u00dcmraniye&#8217;de de kamp\u00fcsleri bulunmaktad\u0131r. \u00dcsk\u00fcdar \u00dcniversitesi Nas\u0131l Bir \u00dcniversitedir? Bu sorunun [&hellip;]<\/p>\n","protected":false},"author":1,"featured_media":7202,"parent":0,"menu_order":0,"comment_status":"closed","ping_status":"closed","template":"","meta":{"_joinchat":[],"footnotes":""},"class_list":["post-7403","page","type-page","status-publish","has-post-thumbnail","hentry"],"_links":{"self":[{"href":"https:\/\/konakselimiye.com\/index.php\/wp-json\/wp\/v2\/pages\/7403","targetHints":{"allow":["GET"]}}],"collection":[{"href":"https:\/\/konakselimiye.com\/index.php\/wp-json\/wp\/v2\/pages"}],"about":[{"href":"https:\/\/konakselimiye.com\/index.php\/wp-json\/wp\/v2\/types\/page"}],"author":[{"embeddable":true,"href":"https:\/\/konakselimiye.com\/index.php\/wp-json\/wp\/v2\/users\/1"}],"replies":[{"embeddable":true,"href":"https:\/\/konakselimiye.com\/index.php\/wp-json\/wp\/v2\/comments?post=7403"}],"version-history":[{"count":4,"href":"https:\/\/konakselimiye.com\/index.php\/wp-json\/wp\/v2\/pages\/7403\/revisions"}],"predecessor-version":[{"id":7408,"href":"https:\/\/konakselimiye.com\/index.php\/wp-json\/wp\/v2\/pages\/7403\/revisions\/7408"}],"wp:featuredmedia":[{"embeddable":true,"href":"https:\/\/konakselimiye.com\/index.php\/wp-json\/wp\/v2\/media\/7202"}],"wp:attachment":[{"href":"https:\/\/konakselimiye.com\/index.php\/wp-json\/wp\/v2\/media?parent=7403"}],"curies":[{"name":"wp","href":"https:\/\/api.w.org\/{rel}","templated":true}]}}