{"id":7410,"date":"2023-08-28T16:08:46","date_gmt":"2023-08-28T16:08:46","guid":{"rendered":"https:\/\/konakselimiye.com\/?page_id=7410"},"modified":"2023-08-28T16:09:24","modified_gmt":"2023-08-28T16:09:24","slug":"uskudar-kiz-ogrenci-yurdu-hakkinda-bilgiler","status":"publish","type":"page","link":"https:\/\/konakselimiye.com\/index.php\/uskudar-kiz-ogrenci-yurdu-hakkinda-bilgiler\/","title":{"rendered":"\u00dcsk\u00fcdar K\u0131z \u00d6\u011frenci Yurdu Hakk\u0131nda Bilgiler"},"content":{"rendered":"<p>&nbsp;<\/p>\n<p>&nbsp;<\/p>\n<p>&nbsp;<\/p>\n<h1 style=\"text-align: center;\"><strong>\u00dcsk\u00fcdar K\u0131z \u00d6\u011frenci Yurdu Hakk\u0131nda Bilgiler<\/strong><\/h1>\n<p>&nbsp;<\/p>\n<p><strong>\u00dcsk\u00fcdar k\u0131z \u00f6\u011frenci yurtlar\u0131<\/strong>, \u00f6\u011frencilere konaklama ve bar\u0131nma imkan\u0131 sunan kurulu\u015flard\u0131r. Bu yurtlar, genellikle \u00fcniversite veya lisans\u00fcst\u00fc \u00f6\u011frenim g\u00f6ren k\u0131z \u00f6\u011frencilere y\u00f6nelik hizmet verirler. Yurtlar\u0131n sundu\u011fu hizmetler ve \u00f6zellikler yurttan yurda farkl\u0131l\u0131k g\u00f6sterebilir, ancak genel olarak a\u015fa\u011f\u0131daki bilgiler yurtlarda bulunan hizmet ve olanaklara \u00f6rnek te\u015fkil edebilir:<\/p>\n<ol>\n<li><strong>Konaklama<\/strong>: K\u0131z \u00f6\u011frenci yurtlar\u0131, \u00f6\u011frencilere uygun fiyatlarla g\u00fcvenli ve rahat konaklama sa\u011flar. Tek ki\u015filik veya \u00e7ok ki\u015filik odalar sunulabilir.<\/li>\n<li><strong>Yemek Hizmetleri<\/strong>: Yurtlar genellikle yemek hizmeti sunar. G\u00fcnl\u00fck yemekler, \u00f6\u011frencilerin beslenme ihtiya\u00e7lar\u0131n\u0131 kar\u015f\u0131lamaya y\u00f6neliktir. Bu hizmetler genel olarak ayr\u0131 olarak \u00fccretlendirilir.<\/li>\n<li><strong>Temizlik ve Bak\u0131m<\/strong>: Yurtlar d\u00fczenli olarak temizlik hizmeti sunar ve genel alanlar\u0131n bak\u0131m\u0131n\u0131 yapar.<\/li>\n<li><strong>G\u00fcvenlik<\/strong>: \u00d6\u011frencilerin g\u00fcvenli\u011fini sa\u011flamak amac\u0131yla yurtlarda g\u00fcvenlik \u00f6nlemleri al\u0131n\u0131r. Bu \u00f6nlemler aras\u0131nda 24 saat\u00a0 g\u00fcvenlik kameralar\u0131 ve n\u00f6bet\u00e7i memur bulundurmak i\u00e7erebilir.<\/li>\n<li><strong>\u00c7al\u0131\u015fma Alanlar\u0131<\/strong>: \u00d6\u011frencilerin ders \u00e7al\u0131\u015fabilmesi i\u00e7in ortak alanlar veya \u00e7al\u0131\u015fma odalar\u0131 olabilir.<\/li>\n<li><strong>Ula\u015f\u0131m Kolayl\u0131\u011f\u0131<\/strong>: \u00dcniversite veya di\u011fer e\u011fitim kurumlar\u0131na ula\u015f\u0131m\u0131n kolay olmas\u0131 \u00f6nemlidir. Bu nedenle yurtlar\u0131n konumu da tercih edilirken g\u00f6z \u00f6n\u00fcnde bulundurulmas\u0131 gereken bir fakt\u00f6rd\u00fcr.<\/li>\n<\/ol>\n<div class=\"group w-full text-token-text-primary border-b border-black\/10 dark:border-gray-900\/50 bg-gray-50 dark:bg-[#444654]\" data-testid=\"conversation-turn-5\">\n<div class=\"flex p-4 gap-4 text-base md:gap-6 md:max-w-2xl lg:max-w-[38rem] xl:max-w-3xl md:py-6 lg:px-0 m-auto\">\n<div class=\"relative flex w-[calc(100%-50px)] flex-col gap-1 md:gap-3 lg:w-[calc(100%-115px)]\">\n<div class=\"flex flex-grow flex-col gap-3 max-w-full\">\n<div class=\"min-h-[20px] flex flex-col items-start gap-3 overflow-x-auto whitespace-pre-wrap break-words\">\n<div class=\"markdown prose w-full break-words dark:prose-invert light\">\n<p>&nbsp;<\/p>\n<\/div>\n<\/div>\n<\/div>\n<div class=\"flex justify-between lg:block\">\n<div class=\"text-gray-400 flex self-end lg:self-center justify-center mt-2 gap-2 md:gap-3 lg:gap-1 lg:absolute lg:top-0 lg:translate-x-full lg:right-0 lg:mt-0 lg:pl-2 visible\">\n<p><strong>Konak Selimiye K\u0131z \u00d6\u011frenci<\/strong> <strong>Yurdu\u00a0<\/strong>olarak \u00dcsk\u00fcdar &#8211; Selimiye&#8217;de \u00f6\u011frencilerimize aile ortam\u0131nda hizmet vermekteyiz. \u00d6\u011frencilerimiz i\u00e7in odalar\u0131nda 7\/24 \u00fccretsiz Wi-Fi, 7\/24 S\u0131cak Su ve her odan\u0131n kendisine ait wc ve banyosu bulunmaktad\u0131r. Ayr\u0131ca, yurdumuzda 7\/24 n\u00f6bet\u00e7i memure bulunmakta ve \u00f6\u011frencilerimize yard\u0131mc\u0131 olmaktad\u0131r. Yurdumuz 7\/24 g\u00fcvenlik kameralar\u0131 ile kay\u0131t alt\u0131na al\u0131nmaktad\u0131r. Ayr\u0131\u0131ca ortak alanlar\u0131n ve odalar\u0131n d\u00fczenli olarak temizli\u011fi yap\u0131lmaktad\u0131r. \u00d6\u011frencilerimizin kullan\u0131m\u0131 i\u00e7in mutfa\u011f\u0131m\u0131z 7\/24 a\u00e7\u0131kt\u0131r. Rahat\u00e7a ders \u00e7al\u0131\u015fabilecekleri alanlar ile ayr\u0131ca rahat\u00e7a dinlenip stres atabilecekleri 7\/24 kullan\u0131ma\u00a0 a\u00e7\u0131k alanlar\u0131m\u0131z gene \u00f6\u011frencilerimiz i\u00e7in haz\u0131r bulunmaktad\u0131r.<\/p>\n<p>\u00dcsk\u00fcdar Selimiye&#8217;de hizmet veren yurdumuz konum itibari ile sadece \u00dcsk\u00fcdar ve Kad\u0131k\u00f6y de\u011fil \u00e7evre il\u00e7elerdeki bir\u00e7ok \u00fcniversiteye sadece tek ula\u015f\u0131m arac\u0131 ile gidilebilmektedir. Bu sebeple yurdumuz sadece\u00a0<strong>\u00dcsk\u00fcdar K\u0131z \u00d6\u011frenci Yurdu olarak\u00a0<\/strong>de\u011fil ayn\u0131 zamanda\u00a0<strong>Kad\u0131k\u00f6y K\u0131z \u00d6\u011frenci Yurdu, \u0130stanbul K\u0131z \u00d6\u011frenci Yurdu<\/strong> olarakta hizmet verebilmektedir. Metro, metrob\u00fcs, otob\u00fcs, dolmu\u015f, minib\u00fcs ve taksi gibi toplu ula\u015f\u0131m ara\u00e7lar\u0131 haricinde Harem Otogar\u0131&#8217;na yayan mesafesi ile T\u00fcrkiye&#8217;nin her yerine giden \u015fehirleraras\u0131 otob\u00fcslere de \u00e7ok yak\u0131nd\u0131r. Ayn\u0131 zamanda y\u00fcksek h\u0131zl\u0131 tren ile ailesine gidip gelen \u00f6\u011frencilerimiz YHT&#8217;ye sadece 15-20 dk mesafede yer almaktay\u0131z. Konum itibari ile \u0130stanbul&#8217;un %50&#8217;sinden fazlas\u0131na ula\u015f\u0131m imkan\u0131 bulunmaktad\u0131r.<\/p>\n<p>\u00dcsk\u00fcdar Konak Selimiye K\u0131z \u00d6\u011frenci Yurdu 2016 y\u0131l\u0131ndan bu yana hizmet verdi\u011fi y\u00fczlerce \u00f6\u011frenci ile b\u00fcy\u00fck ba\u015far\u0131lar sa\u011flam\u0131\u015f, hem \u00f6\u011frencilerimizin hem ailelerin memnuniyetini sa\u011flayarak kendini ispat etmi\u015f ender k\u0131z yurtlar\u0131ndan bir tanesidir.<\/p>\n<div class=\"flex gap-1\"><\/div>\n<\/div>\n<\/div>\n<\/div>\n<\/div>\n<\/div>\n","protected":false},"excerpt":{"rendered":"<p>&nbsp; &nbsp; &nbsp; \u00dcsk\u00fcdar K\u0131z \u00d6\u011frenci Yurdu Hakk\u0131nda Bilgiler &nbsp; \u00dcsk\u00fcdar k\u0131z \u00f6\u011frenci yurtlar\u0131, \u00f6\u011frencilere konaklama ve bar\u0131nma imkan\u0131 sunan kurulu\u015flard\u0131r. Bu yurtlar, genellikle \u00fcniversite veya lisans\u00fcst\u00fc \u00f6\u011frenim g\u00f6ren k\u0131z \u00f6\u011frencilere y\u00f6nelik hizmet verirler. Yurtlar\u0131n sundu\u011fu hizmetler ve \u00f6zellikler yurttan yurda farkl\u0131l\u0131k g\u00f6sterebilir, ancak genel olarak a\u015fa\u011f\u0131daki bilgiler yurtlarda bulunan hizmet ve olanaklara \u00f6rnek te\u015fkil [&hellip;]<\/p>\n","protected":false},"author":1,"featured_media":7131,"parent":0,"menu_order":0,"comment_status":"closed","ping_status":"closed","template":"","meta":{"_joinchat":[],"footnotes":""},"class_list":["post-7410","page","type-page","status-publish","has-post-thumbnail","hentry"],"_links":{"self":[{"href":"https:\/\/konakselimiye.com\/index.php\/wp-json\/wp\/v2\/pages\/7410","targetHints":{"allow":["GET"]}}],"collection":[{"href":"https:\/\/konakselimiye.com\/index.php\/wp-json\/wp\/v2\/pages"}],"about":[{"href":"https:\/\/konakselimiye.com\/index.php\/wp-json\/wp\/v2\/types\/page"}],"author":[{"embeddable":true,"href":"https:\/\/konakselimiye.com\/index.php\/wp-json\/wp\/v2\/users\/1"}],"replies":[{"embeddable":true,"href":"https:\/\/konakselimiye.com\/index.php\/wp-json\/wp\/v2\/comments?post=7410"}],"version-history":[{"count":3,"href":"https:\/\/konakselimiye.com\/index.php\/wp-json\/wp\/v2\/pages\/7410\/revisions"}],"predecessor-version":[{"id":7463,"href":"https:\/\/konakselimiye.com\/index.php\/wp-json\/wp\/v2\/pages\/7410\/revisions\/7463"}],"wp:featuredmedia":[{"embeddable":true,"href":"https:\/\/konakselimiye.com\/index.php\/wp-json\/wp\/v2\/media\/7131"}],"wp:attachment":[{"href":"https:\/\/konakselimiye.com\/index.php\/wp-json\/wp\/v2\/media?parent=7410"}],"curies":[{"name":"wp","href":"https:\/\/api.w.org\/{rel}","templated":true}]}}