{"id":7465,"date":"2023-08-31T11:16:49","date_gmt":"2023-08-31T11:16:49","guid":{"rendered":"https:\/\/konakselimiye.com\/?page_id=7465"},"modified":"2023-08-31T11:16:49","modified_gmt":"2023-08-31T11:16:49","slug":"kadikoy-kiz-ogrenci-yurdu","status":"publish","type":"page","link":"https:\/\/konakselimiye.com\/index.php\/kadikoy-kiz-ogrenci-yurdu\/","title":{"rendered":"Kad\u0131k\u00f6y K\u0131z \u00d6\u011frenci Yurdu"},"content":{"rendered":"<div id=\"post-7253\" class=\"post-7253 post type-post status-publish format-standard has-post-thumbnail hentry category-kiz-yurdu tag-kadikoy-kiz-ogrenci-yurdu tag-kadikoy-kiz-yurdu tag-konak-selimiye tag-uskudar-kiz-ogrenci-yurdu tag-uskudar-kiz-yurdu\">\n<p>&nbsp;<\/p>\n<p>&nbsp;<\/p>\n<h2 style=\"text-align: center;\"><strong>Kad\u0131k\u00f6y K\u0131z \u00d6\u011frenci Yurdu<\/strong><\/h2>\n<p>&nbsp;<\/p>\n<p>Konak Selimiye \u00d6zel K\u0131z \u00d6\u011frenci Yurdu, \u0130stanbul\u00a0<strong>Kad\u0131k\u00f6y k\u0131z \u00f6\u011frenci yurdu<\/strong> olarak ba\u015fta Sa\u011fl\u0131k Bilimleri \u00dcniversitesi, \u00dcsk\u00fcdar \u00dcniversitesi, Fatih Sultan Mehmet Vak\u0131f \u00dcniversitesi, Medeniyet \u00dcniversitesi, Fenerbah\u00e7e \u00dcniversitesi olmak \u00fczere Kad\u0131k\u00f6y ve civar\u0131ndaki t\u00fcm \u00fcniversite \u00f6\u011frencilerine kaliteden \u00f6d\u00fcn vermeden maksimum imkanlar ile hizmet vermektedir.<\/p>\n<p><b>\u00a0<\/b><\/p>\n<p><strong>Selimiye Mahallesi Hakk\u0131nda Bilgiler;<\/strong><\/p>\n<p>Selimiye mahallesi eski ve k\u00f6kl\u00fc bir tarihe sahiptir. Selimiye mahallesi, \u00dcsk\u00fcdar\u2019\u0131n en b\u00fcy\u00fck 3 mahallesinden bir tanesidir. Herkes taraf\u0131ndan bilinen Selimiye k\u0131\u015flas\u0131, Harem Otogar\u0131, Harem \u2013 Sirkeci Arabal\u0131 Vapur \u0130skelesi ve Harem Liman\u0131 Selimiye mahallesi s\u0131n\u0131rlar\u0131 i\u00e7erisinde yer almaktad\u0131r. Selimiye mahallesi sadece \u00dcsk\u00fcdar ve \u0130stanbul\u2019un de\u011fil T\u00fcrkiye\u2019deki en nezih mahallelerden bir tanesidir. Geni\u015f parklar\u0131, tarihi, k\u00fclt\u00fcr\u00fc ve co\u011frafi yap\u0131s\u0131 ile \u0130stanbul\u2019un ve \u00dcsk\u00fcdar\u2019\u0131n g\u00f6zbebe\u011fi mahallelerinden bir tanesidir.<\/p>\n<p>Selimiye mahallesinin kom\u015fu mahalleleri; Salacak mahallesi, Zeynep Kamil mahallesi, Aziz Mahmut H\u00fcdai Mahallesidir. Selimiye mahallesi imkanlar\u0131 geni\u015f bir yerdir. Kitap kafeleri, k\u00fct\u00fcphaneleri, park alanlar\u0131, spor alanlar\u0131 gibi alanlar ile bir gencin ihtiya\u00e7 duyabilece\u011fi her\u015fey bulunmaktad\u0131r.<\/p>\n<p>Selimiye mahallesi konumu itibari ile \u00dcsk\u00fcdar ve Kad\u0131k\u00f6y meydan\u0131na sadece 5 dakika mesafede oldu\u011fu gibi Sirkeci \u2013 Emin\u00f6n\u00fcne 20 \u2013 25 dakikada, Be\u015fikta\u015f\u2019a 20 dakikada, \u00dcmraniye 15 dakikada, Marmaray\u2019a 5 dakika, Metrolar &amp; Metrob\u00fcse 10 dakika mesafede oldu\u011fu gibi Anadolu yakas\u0131ndaki t\u00fcm il\u00e7elere tek vas\u0131ta ile ula\u015f\u0131m imkan\u0131 bulunmaktad\u0131r.<\/p>\n<p><strong>Konak Selimiye K\u0131z \u00d6\u011frenci Yurdu Hakk\u0131nda;<\/strong><\/p>\n<p>\u00dcsk\u00fcdar Konak Selimiye K\u0131z \u00d6\u011frenci Yurdu; 2016 y\u0131l\u0131nda hizmete a\u00e7\u0131lm\u0131\u015ft\u0131r. 2016 y\u0131l\u0131ndan bu yana ailelerin g\u00fcvendi\u011fi, \u00f6\u011frencilerin evinde hissetti\u011fi ender yerlerden biri olmu\u015ftur. \u00dcsk\u00fcdar\u2019\u0131n tarihinin yan\u0131 s\u0131ra mahalle k\u00fclt\u00fcr\u00fcn\u00fcn devam etti\u011fi Selimiye mahallemizde \u00f6\u011frencilerimiz i\u00e7in 89 misafir kapasite ile hizmet vermekteyiz. \u00d6\u011frencilerin her t\u00fcrl\u00fc g\u00fcvenlik, konfor ve okullar\u0131na rahat gidip gelebilecekleri toplu ula\u015f\u0131m ara\u00e7lar\u0131n\u0131n tamam\u0131na en yak\u0131n mesafede yer almaktay\u0131z. Metro, tramvay, vapur, otob\u00fcs ve dolmu\u015flar\u0131n tamam\u0131na y\u00fcr\u00fcme mesafesinde, ders \u00e7al\u0131\u015fma ve dinlenmek i\u00e7in gereken sessizlik ve t\u00fcm imkanlar\u0131n tamam\u0131n\u0131 misafirhanemizde bulabilirsiniz.<\/p>\n<p>Konak Selimiye \u00d6zel K\u0131z \u00d6\u011frenci Yurdu olarak \u00f6\u011frencilerimize;<\/p>\n<ul>\n<li>24 saat mutfak kullan\u0131m\u0131,<\/li>\n<li>24 saat \u00e7ama\u015f\u0131r \u2013 kurutma makinesi kullan\u0131m\u0131,<\/li>\n<li>24 saat birden fazla geni\u015f ders \u00e7al\u0131\u015fma alanlar\u0131 kullan\u0131m\u0131,<\/li>\n<li>24 saat mescit kullan\u0131m\u0131,<\/li>\n<li>S\u00fcrekli g\u00fcvenlik, g\u00fcvenli giri\u015f (y\u00fcz &amp; parmak okuma sistemi),<\/li>\n<li>24 saat s\u0131n\u0131rs\u0131z internet kullan\u0131m\u0131,<\/li>\n<li>24 saat s\u0131cak su,<\/li>\n<li>Ortak kullan\u0131m alanlar\u0131nda 24 saat kettle \/ su sebili,<\/li>\n<li>Kafemizde \u00f6\u011frencilerimize \u00f6zel t\u00fcm y\u0131l boyunca \u00f6zel indirim ve etkinlikler,<\/li>\n<li>Y\u0131l i\u00e7inde \u00f6\u011frencilerimize \u00f6zel etkinlik \/ gezi ve di\u011fer organizasyonlar,<\/li>\n<li>\u00dcniversitelere en yak\u0131n yurt Konak Selimiye \u00d6zel K\u0131z \u00d6\u011frenci Yurdu\u2019dur,<\/li>\n<li>Deniz manzaral\u0131 teras\u0131m\u0131zda dinlenme imkan\u0131,<\/li>\n<li>Uygun fiyatlar ile sabah kahvalt\u0131s\u0131 ve ak\u015fam yeme\u011fi se\u00e7ene\u011fi<\/li>\n<\/ul>\n<p>ve daha fazlas\u0131 Konak Selimiye \u00d6zel K\u0131z \u00d6\u011frenci Yurdunda\u2026<\/p>\n<\/div>\n<div class=\"nd_options_section nd_options_padding_0_15 nd_options_box_sizing_border_box\"><\/div>\n","protected":false},"excerpt":{"rendered":"<p>&nbsp; &nbsp; Kad\u0131k\u00f6y K\u0131z \u00d6\u011frenci Yurdu &nbsp; Konak Selimiye \u00d6zel K\u0131z \u00d6\u011frenci Yurdu, \u0130stanbul\u00a0Kad\u0131k\u00f6y k\u0131z \u00f6\u011frenci yurdu olarak ba\u015fta Sa\u011fl\u0131k Bilimleri \u00dcniversitesi, \u00dcsk\u00fcdar \u00dcniversitesi, Fatih Sultan Mehmet Vak\u0131f \u00dcniversitesi, Medeniyet \u00dcniversitesi, Fenerbah\u00e7e \u00dcniversitesi olmak \u00fczere Kad\u0131k\u00f6y ve civar\u0131ndaki t\u00fcm \u00fcniversite \u00f6\u011frencilerine kaliteden \u00f6d\u00fcn vermeden maksimum imkanlar ile hizmet vermektedir. \u00a0 Selimiye Mahallesi Hakk\u0131nda Bilgiler; Selimiye [&hellip;]<\/p>\n","protected":false},"author":1,"featured_media":7202,"parent":0,"menu_order":0,"comment_status":"closed","ping_status":"closed","template":"","meta":{"_joinchat":[],"footnotes":""},"class_list":["post-7465","page","type-page","status-publish","has-post-thumbnail","hentry"],"_links":{"self":[{"href":"https:\/\/konakselimiye.com\/index.php\/wp-json\/wp\/v2\/pages\/7465","targetHints":{"allow":["GET"]}}],"collection":[{"href":"https:\/\/konakselimiye.com\/index.php\/wp-json\/wp\/v2\/pages"}],"about":[{"href":"https:\/\/konakselimiye.com\/index.php\/wp-json\/wp\/v2\/types\/page"}],"author":[{"embeddable":true,"href":"https:\/\/konakselimiye.com\/index.php\/wp-json\/wp\/v2\/users\/1"}],"replies":[{"embeddable":true,"href":"https:\/\/konakselimiye.com\/index.php\/wp-json\/wp\/v2\/comments?post=7465"}],"version-history":[{"count":1,"href":"https:\/\/konakselimiye.com\/index.php\/wp-json\/wp\/v2\/pages\/7465\/revisions"}],"predecessor-version":[{"id":7466,"href":"https:\/\/konakselimiye.com\/index.php\/wp-json\/wp\/v2\/pages\/7465\/revisions\/7466"}],"wp:featuredmedia":[{"embeddable":true,"href":"https:\/\/konakselimiye.com\/index.php\/wp-json\/wp\/v2\/media\/7202"}],"wp:attachment":[{"href":"https:\/\/konakselimiye.com\/index.php\/wp-json\/wp\/v2\/media?parent=7465"}],"curies":[{"name":"wp","href":"https:\/\/api.w.org\/{rel}","templated":true}]}}